{"id":966,"date":"2025-03-22T20:34:01","date_gmt":"2025-03-22T18:34:01","guid":{"rendered":"https:\/\/www.pascalvogt.de\/?page_id=966"},"modified":"2025-11-17T17:09:06","modified_gmt":"2025-11-17T15:09:06","slug":"referenzen","status":"publish","type":"page","link":"https:\/\/www.pascalvogt.de\/?page_id=966","title":{"rendered":"Referenzen"},"content":{"rendered":"\n<p>Ich bin stolz, dass mir und uns bereits viele Menschen ihr Vertrauen geschenkt haben. Entweder bei der Wahl ihres Pianisten und S\u00e4ngers oder durch die Inanspruchnahme meiner Dienstleistungen als Songwriter und Produzent. Dazu geh\u00f6ren: <\/p>\n\n\n\n<ul class=\"wp-block-list\">\n<li>Klavier- und Fl\u00fcgelgalerie Maiwald, Kamen (Steinway-Vertretung in NRW)<\/li>\n\n\n\n<li>Restaurant Stravinski im Konzerthaus Dortmund<\/li>\n\n\n\n<li>Westf\u00e4lischer Industrieclub, Dortmund<\/li>\n\n\n\n<li>Barbara Buchhandlung, Moers<\/li>\n\n\n\n<li>Tee Gschwender, Moers<\/li>\n\n\n\n<li>Diverse Hochzeitspaare bei der Wahl ihres Pianisten und S\u00e4ngers im Rahmen freier und kirchlicher Trauungen<\/li>\n\n\n\n<li>Diverse Eltern bei der Wahl ihres Musikers im Rahmen von Taufen<\/li>\n\n\n\n<li>Diverse Musicaldarstellerinnen und Musicaldarsteller bei der Wahl ihres Korrepetitors<\/li>\n<\/ul>\n\n\n\n<p><strong>Produktionen f\u00fcr Schlager-K\u00fcnstlerinnen und K\u00fcnstler<\/strong><\/p>\n\n\n\n<p>2025 &#8211; JENS BOCKISCH &#8211; ICH BLEIB BEI MIR<\/p>\n\n\n\n<p>Musik &amp; Text: Pascal Vogt, Jens Bockisch<\/p>\n\n\n\n<p>Produktion: Pascal Vogt, Michael Neugebauer <\/p>\n\n\n<p><iframe loading=\"lazy\" style=\"border-radius: 12px;\" src=\"https:\/\/open.spotify.com\/embed\/track\/2IPgz9Ke7hM6eN8oyzANLm?utm_source=generator\" width=\"100%\" height=\"352\" frameborder=\"0\" allowfullscreen=\"allowfullscreen\" data-testid=\"embed-iframe\"><\/iframe><\/p>\n\n\n<p>2025 &#8211; JENS BOCKISCH &#8211; ZU KURZ F\u00dcR IRGENDWANN<\/p>\n\n\n\n<p>Musik &amp; Text: Pascal Vogt, Jens Bockisch<\/p>\n\n\n\n<p>Produktion: Pascal Vogt, Michael Neugebauer <\/p>\n\n\n<p><iframe loading=\"lazy\" style=\"border-radius: 12px;\" src=\"https:\/\/open.spotify.com\/embed\/track\/49teHFrdysQL77hnFCn24S?utm_source=generator\" width=\"100%\" height=\"352\" frameborder=\"0\" allowfullscreen=\"allowfullscreen\" data-testid=\"embed-iframe\"><\/iframe><\/p>\n\n\n<p><\/p>\n","protected":false},"excerpt":{"rendered":"<p>Ich bin stolz, dass mir und uns bereits viele Menschen ihr Vertrauen geschenkt haben. Entweder bei der Wahl ihres Pianisten und S\u00e4ngers oder durch die Inanspruchnahme meiner Dienstleistungen als Songwriter und Produzent. Dazu geh\u00f6ren: Produktionen f\u00fcr Schlager-K\u00fcnstlerinnen und K\u00fcnstler 2025 &#8211; JENS BOCKISCH &#8211; ICH BLEIB BEI MIR Musik &amp; Text: Pascal Vogt, Jens Bockisch [&hellip;]<\/p>\n","protected":false},"author":1,"featured_media":0,"parent":0,"menu_order":0,"comment_status":"closed","ping_status":"closed","template":"","meta":{"footnotes":""},"class_list":["post-966","page","type-page","status-publish","hentry"],"_links":{"self":[{"href":"https:\/\/www.pascalvogt.de\/index.php?rest_route=\/wp\/v2\/pages\/966","targetHints":{"allow":["GET"]}}],"collection":[{"href":"https:\/\/www.pascalvogt.de\/index.php?rest_route=\/wp\/v2\/pages"}],"about":[{"href":"https:\/\/www.pascalvogt.de\/index.php?rest_route=\/wp\/v2\/types\/page"}],"author":[{"embeddable":true,"href":"https:\/\/www.pascalvogt.de\/index.php?rest_route=\/wp\/v2\/users\/1"}],"replies":[{"embeddable":true,"href":"https:\/\/www.pascalvogt.de\/index.php?rest_route=%2Fwp%2Fv2%2Fcomments&post=966"}],"version-history":[{"count":5,"href":"https:\/\/www.pascalvogt.de\/index.php?rest_route=\/wp\/v2\/pages\/966\/revisions"}],"predecessor-version":[{"id":1025,"href":"https:\/\/www.pascalvogt.de\/index.php?rest_route=\/wp\/v2\/pages\/966\/revisions\/1025"}],"wp:attachment":[{"href":"https:\/\/www.pascalvogt.de\/index.php?rest_route=%2Fwp%2Fv2%2Fmedia&parent=966"}],"curies":[{"name":"wp","href":"https:\/\/api.w.org\/{rel}","templated":true}]}}