{"id":963,"date":"2025-03-23T21:18:35","date_gmt":"2025-03-23T19:18:35","guid":{"rendered":"https:\/\/www.pascalvogt.de\/?page_id=963"},"modified":"2025-06-13T22:39:37","modified_gmt":"2025-06-13T20:39:37","slug":"duo-einklang","status":"publish","type":"page","link":"https:\/\/www.pascalvogt.de\/?page_id=963","title":{"rendered":"Duo &#8222;Einklang&#8220;"},"content":{"rendered":"\n<div class=\"wp-block-media-text is-stacked-on-mobile\"><figure class=\"wp-block-media-text__media\"><img loading=\"lazy\" decoding=\"async\" width=\"1024\" height=\"551\" src=\"https:\/\/www.pascalvogt.de\/wp-content\/uploads\/2025\/03\/Bildschirmfoto-2025-03-22-um-19.10.52-1024x551.png\" alt=\"\" class=\"wp-image-964 size-full\" srcset=\"https:\/\/www.pascalvogt.de\/wp-content\/uploads\/2025\/03\/Bildschirmfoto-2025-03-22-um-19.10.52-1024x551.png 1024w, https:\/\/www.pascalvogt.de\/wp-content\/uploads\/2025\/03\/Bildschirmfoto-2025-03-22-um-19.10.52-300x162.png 300w, https:\/\/www.pascalvogt.de\/wp-content\/uploads\/2025\/03\/Bildschirmfoto-2025-03-22-um-19.10.52-768x413.png 768w, https:\/\/www.pascalvogt.de\/wp-content\/uploads\/2025\/03\/Bildschirmfoto-2025-03-22-um-19.10.52.png 1224w\" sizes=\"auto, (max-width: 1024px) 100vw, 1024px\" \/><\/figure><div class=\"wp-block-media-text__content\">\n<p><\/p>\n<\/div><\/div>\n\n\n\n<p><strong>Ihr Musik-Duo f\u00fcr unvergessliche Momente in NRW!<\/strong><\/p>\n\n\n\n<p>Ob Hochzeit, private Feier oder gr\u00f6\u00dferes Event \u2013 das Duo <strong>&#8222;Einklang&#8220;<\/strong> verwandelt jede Veranstaltung in ein emotionales Highlight. <strong>Henriette Heiderichs<\/strong> ausdrucksstarke Stimme und <strong>Pascal Vogts<\/strong> gef\u00fchlvolles Klavierspiel verschmelzen zu einzigartigen Arrangements in den Stilen Pop, Musical und Chanson.<\/p>\n\n\n\n<p><\/p>\n\n\n\n<p>\u2728 <strong>Warum &#8222;EinKlang&#8220;?<\/strong><\/p>\n\n\n\n<p>\u2714 <strong>Vielf\u00e4ltiges Repertoire<\/strong> \u2013 von zeitlosen Hits bis zu ber\u00fchrenden Balladen<br>\u2714 <strong>Musik mit Tiefgang<\/strong> \u2013 G\u00e4nsehautmomente garantiert. Auf Wunsch auch mit einem speziellen Arrangement ihres Wunschsongs<br>\u2714 <strong>Perfekte Harmonie<\/strong> \u2013 zwei K\u00fcnstler, ein einzigartiger Klang<\/p>\n\n\n\n<p>Lassen Sie sich von <strong>&#8222;Einklang&#8220;<\/strong> verzaubern und machen Sie Ihr Event unvergesslich!&nbsp;<\/p>\n\n\n\n<p>\ud83d\udcc5 Jetzt buchen &amp; besondere Erinnerungen schaffen!<\/p>\n\n\n<p><iframe loading=\"lazy\" title=\"YouTube video player\" src=\"https:\/\/www.youtube.com\/embed\/PluwciFyNZo?si=flwUQLnxucl6fnE3\" width=\"560\" height=\"315\" frameborder=\"0\" allowfullscreen=\"allowfullscreen\"><\/iframe><\/p>\n\n\n<div class=\"wp-block-buttons is-layout-flex wp-block-buttons-is-layout-flex\">\n<div class=\"wp-block-button\"><a class=\"wp-block-button__link wp-element-button\" href=\"mailto:info@pascalvogt.de\">&#8222;Einklang&#8220; buchen<\/a><\/div>\n<\/div>\n\n\n\n<p><\/p>\n","protected":false},"excerpt":{"rendered":"<p>Ihr Musik-Duo f\u00fcr unvergessliche Momente in NRW! Ob Hochzeit, private Feier oder gr\u00f6\u00dferes Event \u2013 das Duo &#8222;Einklang&#8220; verwandelt jede Veranstaltung in ein emotionales Highlight. Henriette Heiderichs ausdrucksstarke Stimme und Pascal Vogts gef\u00fchlvolles Klavierspiel verschmelzen zu einzigartigen Arrangements in den Stilen Pop, Musical und Chanson. \u2728 Warum &#8222;EinKlang&#8220;? \u2714 Vielf\u00e4ltiges Repertoire \u2013 von zeitlosen Hits [&hellip;]<\/p>\n","protected":false},"author":1,"featured_media":0,"parent":0,"menu_order":0,"comment_status":"closed","ping_status":"closed","template":"","meta":{"footnotes":""},"class_list":["post-963","page","type-page","status-publish","hentry"],"_links":{"self":[{"href":"https:\/\/www.pascalvogt.de\/index.php?rest_route=\/wp\/v2\/pages\/963","targetHints":{"allow":["GET"]}}],"collection":[{"href":"https:\/\/www.pascalvogt.de\/index.php?rest_route=\/wp\/v2\/pages"}],"about":[{"href":"https:\/\/www.pascalvogt.de\/index.php?rest_route=\/wp\/v2\/types\/page"}],"author":[{"embeddable":true,"href":"https:\/\/www.pascalvogt.de\/index.php?rest_route=\/wp\/v2\/users\/1"}],"replies":[{"embeddable":true,"href":"https:\/\/www.pascalvogt.de\/index.php?rest_route=%2Fwp%2Fv2%2Fcomments&post=963"}],"version-history":[{"count":5,"href":"https:\/\/www.pascalvogt.de\/index.php?rest_route=\/wp\/v2\/pages\/963\/revisions"}],"predecessor-version":[{"id":1005,"href":"https:\/\/www.pascalvogt.de\/index.php?rest_route=\/wp\/v2\/pages\/963\/revisions\/1005"}],"wp:attachment":[{"href":"https:\/\/www.pascalvogt.de\/index.php?rest_route=%2Fwp%2Fv2%2Fmedia&parent=963"}],"curies":[{"name":"wp","href":"https:\/\/api.w.org\/{rel}","templated":true}]}}