{"id":948,"date":"2025-03-22T15:30:50","date_gmt":"2025-03-22T13:30:50","guid":{"rendered":"https:\/\/www.pascalvogt.de\/?page_id=948"},"modified":"2025-12-06T15:16:13","modified_gmt":"2025-12-06T13:16:13","slug":"ueber-mich","status":"publish","type":"page","link":"https:\/\/www.pascalvogt.de\/?page_id=948","title":{"rendered":"\u00dcBER MICH"},"content":{"rendered":"\n<div class=\"wp-block-group is-layout-grid wp-container-core-group-is-layout-478b6e6b wp-block-group-is-layout-grid\">\n<figure class=\"wp-block-image size-large\"><a href=\"https:\/\/www.pascalvogt.de\/wp-content\/uploads\/2025\/03\/Titelbild_Veranstaltungen_freigestellt_komprimiert-scaled-e1632127239127.webp\"><img loading=\"lazy\" decoding=\"async\" width=\"836\" height=\"1024\" src=\"https:\/\/www.pascalvogt.de\/wp-content\/uploads\/2025\/03\/Titelbild_Veranstaltungen_freigestellt_komprimiert-scaled-e1632127239127-836x1024.webp\" alt=\"\" class=\"wp-image-949\" srcset=\"https:\/\/www.pascalvogt.de\/wp-content\/uploads\/2025\/03\/Titelbild_Veranstaltungen_freigestellt_komprimiert-scaled-e1632127239127-836x1024.webp 836w, https:\/\/www.pascalvogt.de\/wp-content\/uploads\/2025\/03\/Titelbild_Veranstaltungen_freigestellt_komprimiert-scaled-e1632127239127-245x300.webp 245w, https:\/\/www.pascalvogt.de\/wp-content\/uploads\/2025\/03\/Titelbild_Veranstaltungen_freigestellt_komprimiert-scaled-e1632127239127-768x941.webp 768w, https:\/\/www.pascalvogt.de\/wp-content\/uploads\/2025\/03\/Titelbild_Veranstaltungen_freigestellt_komprimiert-scaled-e1632127239127.webp 1200w\" sizes=\"auto, (max-width: 836px) 100vw, 836px\" \/><\/a><\/figure>\n\n\n\n<p class=\"wp-container-content-e29552f7\">Seit meiner Kindheit verfolge ich die Leidenschaft, Musik zu machen. 2012 habe ich dann begonnen, meine eigene Popmusik zu schreiben und begann damit nach ersten Hobbyproduktionen professionell im Jahr 2013 mit dem Song &#8222;Gegenwind&#8220;, der den Titel des dann im Jahr 2015 erschienenen Albums tr\u00e4gt. 2014 komponierte ich mit &#8222;Sophies Traum &#8211; Das Musical&#8220; mein erstes B\u00fchnenwerk, das in Essen uraufgef\u00fchrt wurde. Seit 2015 bin ich aktiv als Songwriter t\u00e4tig und schreibe vor allem f\u00fcr den Schlager- und Popbereich eigene Songs. Sowohl allein als auch in Kooperation mit vielen weiteren Produzenten und K\u00fcnstlern darf ich meine Visionen eing\u00e4ngiger Melodien und authentischen Texten verwirklichen. Mit &#8222;Deine Insel&#8220; erschien 2023 mein erster Schlager, dem die Titel &#8222;Ab ins Leben&#8220;, &#8222;Heute noch&#8220; und &#8222;Neben dir&#8220; folgten. Seit 2024 belege ich mit meinen Songs regelm\u00e4\u00dfig Chartpl\u00e4tze in den DJ-Charts und mache Radiosender auf meine Musik aufmerksam. Als Songwriter zeichnet mich die F\u00e4higkeit aus, eing\u00e4ngige Melodien zu komponieren und authentische Texte zu schreiben.<\/p>\n\n\n\n<p class=\"has-text-align-center\"><strong><em>&#8222;Sophies Traum &#8211; Das Musical&#8220; <\/em><\/strong><\/p>\n\n\n\n<p class=\"has-text-align-center wp-container-content-69bc4bdf\"><strong><em>Produktionen als Pianist und Komponist<\/em><\/strong><\/p>\n\n\n\n<p class=\"has-text-align-center\"><strong><em>Produktionen als Songwriter und Produzent<\/em><\/strong><\/p>\n\n\n\n<div class=\"wp-block-group is-layout-grid wp-container-core-group-is-layout-478b6e6b wp-block-group-is-layout-grid\">\n<figure class=\"wp-block-embed is-type-rich is-provider-spotify wp-block-embed-spotify wp-embed-aspect-21-9 wp-has-aspect-ratio\"><div class=\"wp-block-embed__wrapper\">\n<iframe hcb-fetch-image-from=\"https:\/\/open.spotify.com\/intl-de\/album\/0nfUrYU9B9DcGoi0h48CBe?si=RkciaxptQi6B82XMybE64g\" title=\"Spotify Embed: Sophies Traum - Das Musical\" style=\"border-radius: 12px\" width=\"100%\" height=\"352\" frameborder=\"0\" allowfullscreen allow=\"autoplay; clipboard-write; encrypted-media; fullscreen; picture-in-picture\" loading=\"lazy\" src=\"https:\/\/open.spotify.com\/embed\/album\/0nfUrYU9B9DcGoi0h48CBe?si=RkciaxptQi6B82XMybE64g&#038;utm_source=oembed\"><\/iframe>\n<\/div><\/figure>\n<\/div>\n\n\n\n<figure class=\"wp-block-embed is-type-rich is-provider-spotify wp-block-embed-spotify wp-embed-aspect-21-9 wp-has-aspect-ratio\"><div class=\"wp-block-embed__wrapper\">\n<iframe hcb-fetch-image-from=\"https:\/\/open.spotify.com\/playlist\/22s2dMCgn7nR47YoeeXqmq?si=2619cb7fae3441f0\" title=\"Spotify Embed: Pascal Vogt - COLORS\" style=\"border-radius: 12px\" width=\"100%\" height=\"352\" frameborder=\"0\" allowfullscreen allow=\"autoplay; clipboard-write; encrypted-media; fullscreen; picture-in-picture\" loading=\"lazy\" src=\"https:\/\/open.spotify.com\/embed\/playlist\/22s2dMCgn7nR47YoeeXqmq?si=2619cb7fae3441f0&#038;utm_source=oembed\"><\/iframe>\n<\/div><\/figure>\n\n\n\n<figure class=\"wp-block-embed is-type-rich is-provider-spotify wp-block-embed-spotify wp-embed-aspect-21-9 wp-has-aspect-ratio\"><div class=\"wp-block-embed__wrapper\">\n<iframe hcb-fetch-image-from=\"https:\/\/open.spotify.com\/playlist\/2h0tn6e4j0Aw5ryybrvcXG?si=2fabee3a80b2442f\" title=\"Spotify Embed: Songwriter und Produzent Pascal Vogt\" style=\"border-radius: 12px\" width=\"100%\" height=\"352\" frameborder=\"0\" allowfullscreen allow=\"autoplay; clipboard-write; encrypted-media; fullscreen; picture-in-picture\" loading=\"lazy\" src=\"https:\/\/open.spotify.com\/embed\/playlist\/2h0tn6e4j0Aw5ryybrvcXG?si=2fabee3a80b2442f&#038;utm_source=oembed\"><\/iframe>\n<\/div><\/figure>\n<\/div>\n\n\n\n<div class=\"wp-block-group is-vertical is-layout-flex wp-container-core-group-is-layout-fe9cc265 wp-block-group-is-layout-flex\">\n<p><strong>Ver\u00f6ffentlichungen als Kinderliederautor und Musiklehrer<\/strong><\/p>\n<\/div>\n\n\n\n<div class=\"wp-block-group is-layout-grid wp-container-core-group-is-layout-478b6e6b wp-block-group-is-layout-grid\">\n<figure class=\"wp-block-image size-full\"><a href=\"https:\/\/www.pascalvogt.de\/wp-content\/uploads\/2019\/01\/musik-spiel-und-tanz_18.jpg\"><img loading=\"lazy\" decoding=\"async\" width=\"360\" height=\"505\" src=\"https:\/\/www.pascalvogt.de\/wp-content\/uploads\/2019\/01\/musik-spiel-und-tanz_18.jpg\" alt=\"\" class=\"wp-image-514\" srcset=\"https:\/\/www.pascalvogt.de\/wp-content\/uploads\/2019\/01\/musik-spiel-und-tanz_18.jpg 360w, https:\/\/www.pascalvogt.de\/wp-content\/uploads\/2019\/01\/musik-spiel-und-tanz_18-214x300.jpg 214w\" sizes=\"auto, (max-width: 360px) 100vw, 360px\" \/><\/a><\/figure>\n\n\n\n<figure class=\"wp-block-image size-full\"><a href=\"https:\/\/www.pascalvogt.de\/wp-content\/uploads\/2019\/09\/MST_3_2019_Cover_648px.jpg\"><img loading=\"lazy\" decoding=\"async\" width=\"648\" height=\"916\" src=\"https:\/\/www.pascalvogt.de\/wp-content\/uploads\/2019\/09\/MST_3_2019_Cover_648px.jpg\" alt=\"\" class=\"wp-image-557\" srcset=\"https:\/\/www.pascalvogt.de\/wp-content\/uploads\/2019\/09\/MST_3_2019_Cover_648px.jpg 648w, https:\/\/www.pascalvogt.de\/wp-content\/uploads\/2019\/09\/MST_3_2019_Cover_648px-212x300.jpg 212w\" sizes=\"auto, (max-width: 648px) 100vw, 648px\" \/><\/a><\/figure>\n\n\n\n<figure class=\"wp-block-image size-full\"><a href=\"https:\/\/www.pascalvogt.de\/wp-content\/uploads\/2019\/01\/MST_3_2018_Cover_648_318.jpg\"><img loading=\"lazy\" decoding=\"async\" width=\"648\" height=\"915\" src=\"https:\/\/www.pascalvogt.de\/wp-content\/uploads\/2019\/01\/MST_3_2018_Cover_648_318.jpg\" alt=\"\" class=\"wp-image-512\" srcset=\"https:\/\/www.pascalvogt.de\/wp-content\/uploads\/2019\/01\/MST_3_2018_Cover_648_318.jpg 648w, https:\/\/www.pascalvogt.de\/wp-content\/uploads\/2019\/01\/MST_3_2018_Cover_648_318-212x300.jpg 212w\" sizes=\"auto, (max-width: 648px) 100vw, 648px\" \/><\/a><\/figure>\n<\/div>\n\n\n\n<div class=\"wp-block-media-text is-stacked-on-mobile\"><figure class=\"wp-block-media-text__media\"><img loading=\"lazy\" decoding=\"async\" width=\"400\" height=\"566\" src=\"https:\/\/www.pascalvogt.de\/wp-content\/uploads\/2019\/01\/mu07_g.jpg\" alt=\"\" class=\"wp-image-513 size-full\" srcset=\"https:\/\/www.pascalvogt.de\/wp-content\/uploads\/2019\/01\/mu07_g.jpg 400w, https:\/\/www.pascalvogt.de\/wp-content\/uploads\/2019\/01\/mu07_g-212x300.jpg 212w\" sizes=\"auto, (max-width: 400px) 100vw, 400px\" \/><\/figure><div class=\"wp-block-media-text__content\">\n<figure class=\"wp-block-image size-full\"><a href=\"https:\/\/www.pascalvogt.de\/wp-content\/uploads\/2019\/09\/cropped-MU07_Banner_Pascal-Vogt.jpg\"><img loading=\"lazy\" decoding=\"async\" width=\"1000\" height=\"288\" src=\"https:\/\/www.pascalvogt.de\/wp-content\/uploads\/2019\/09\/cropped-MU07_Banner_Pascal-Vogt.jpg\" alt=\"\" class=\"wp-image-532\" srcset=\"https:\/\/www.pascalvogt.de\/wp-content\/uploads\/2019\/09\/cropped-MU07_Banner_Pascal-Vogt.jpg 1000w, https:\/\/www.pascalvogt.de\/wp-content\/uploads\/2019\/09\/cropped-MU07_Banner_Pascal-Vogt-300x86.jpg 300w, https:\/\/www.pascalvogt.de\/wp-content\/uploads\/2019\/09\/cropped-MU07_Banner_Pascal-Vogt-768x221.jpg 768w, https:\/\/www.pascalvogt.de\/wp-content\/uploads\/2019\/09\/cropped-MU07_Banner_Pascal-Vogt-500x144.jpg 500w\" sizes=\"auto, (max-width: 1000px) 100vw, 1000px\" \/><\/a><\/figure>\n\n\n\n<div class=\"wp-block-buttons is-layout-flex wp-block-buttons-is-layout-flex\">\n<div class=\"wp-block-button\"><a class=\"wp-block-button__link wp-element-button\" href=\"https:\/\/www.buchverlagkempen.de\/detailview?no=MU07&amp;srsltid=AfmBOoqWlQVGNLX-rhZXqwxcPwoqBtAoA3oWx6Zg5KODTr02nSCCdh1B\">Jetzt bestellen<\/a><\/div>\n<\/div>\n<\/div><\/div>\n\n\n\n<div class=\"wp-block-cover alignfull is-light\" style=\"min-height:525px;aspect-ratio:unset;\"><span aria-hidden=\"true\" class=\"wp-block-cover__background has-background-dim-100 has-background-dim\" style=\"background-color:#ffffff\"><\/span><div class=\"wp-block-cover__inner-container is-layout-flow wp-block-cover-is-layout-flow\">\n<div class=\"wp-block-media-text alignwide is-stacked-on-mobile is-vertically-aligned-center is-image-fill-element\" style=\"grid-template-columns:28% auto\"><figure class=\"wp-block-media-text__media\"><img loading=\"lazy\" decoding=\"async\" width=\"1024\" height=\"1024\" src=\"https:\/\/www.pascalvogt.de\/wp-content\/uploads\/2025\/12\/Cover_Inner-Peace-1024x1024.jpeg\" alt=\"\" class=\"wp-image-1032 size-full\" style=\"object-position:50% 50%\" srcset=\"https:\/\/www.pascalvogt.de\/wp-content\/uploads\/2025\/12\/Cover_Inner-Peace-1024x1024.jpeg 1024w, https:\/\/www.pascalvogt.de\/wp-content\/uploads\/2025\/12\/Cover_Inner-Peace-300x300.jpeg 300w, https:\/\/www.pascalvogt.de\/wp-content\/uploads\/2025\/12\/Cover_Inner-Peace-150x150.jpeg 150w, https:\/\/www.pascalvogt.de\/wp-content\/uploads\/2025\/12\/Cover_Inner-Peace-768x768.jpeg 768w, https:\/\/www.pascalvogt.de\/wp-content\/uploads\/2025\/12\/Cover_Inner-Peace-1536x1536.jpeg 1536w, https:\/\/www.pascalvogt.de\/wp-content\/uploads\/2025\/12\/Cover_Inner-Peace-2048x2048.jpeg 2048w\" sizes=\"auto, (max-width: 1024px) 100vw, 1024px\" \/><\/figure><div class=\"wp-block-media-text__content\">\n<h2 class=\"wp-block-heading has-text-color\" style=\"color:#000000;font-size:32px\">&#8222;INNER PEACE&#8220; geht um die Welt<\/h2>\n\n\n\n<p class=\"has-text-color\" style=\"color:#000000;font-size:17px\">Anfang 2025 komponierte ich das Klavierst\u00fcck &#8222;INNER PEACE&#8220;, ein neoklassisches Klavierst\u00fcck. Im Jahr 2025 wurden auf Social Media zahlreiche Menschen auf dieses St\u00fcck aufmerksam und so kam es, dass es nicht nur mein erfolgreichstes Klavierst\u00fcck wurde, sondern auch auf Instagram, TikTok und YouTube ein absoluter viraler Hit wurde, der gigantische Zahlen einfahren konnte. <\/p>\n\n\n\n<p>\u00dcber 500 Millionen Aufrufe, mehr als 2 Millionen Creations und \u00fcber 30.000 Streams auf Spotify. H\u00f6re dir meinen viralen Hit jetzt an:<\/p>\n\n\n\n<div class=\"wp-block-buttons is-layout-flex wp-block-buttons-is-layout-flex\">\n<div class=\"wp-block-button is-style-fill\"><a class=\"wp-block-button__link wp-element-button\" href=\"https:\/\/listen.music-hub.com\/HUgAWn\">jetzt anh\u00f6ren<\/a><\/div>\n<\/div>\n<\/div><\/div>\n<\/div><\/div>\n\n\n\n<p><\/p>\n","protected":false},"excerpt":{"rendered":"<p>Seit meiner Kindheit verfolge ich die Leidenschaft, Musik zu machen. 2012 habe ich dann begonnen, meine eigene Popmusik zu schreiben und begann damit nach ersten Hobbyproduktionen professionell im Jahr 2013 mit dem Song &#8222;Gegenwind&#8220;, der den Titel des dann im Jahr 2015 erschienenen Albums tr\u00e4gt. 2014 komponierte ich mit &#8222;Sophies Traum &#8211; Das Musical&#8220; mein [&hellip;]<\/p>\n","protected":false},"author":1,"featured_media":0,"parent":0,"menu_order":0,"comment_status":"closed","ping_status":"closed","template":"","meta":{"footnotes":""},"class_list":["post-948","page","type-page","status-publish","hentry"],"_links":{"self":[{"href":"https:\/\/www.pascalvogt.de\/index.php?rest_route=\/wp\/v2\/pages\/948","targetHints":{"allow":["GET"]}}],"collection":[{"href":"https:\/\/www.pascalvogt.de\/index.php?rest_route=\/wp\/v2\/pages"}],"about":[{"href":"https:\/\/www.pascalvogt.de\/index.php?rest_route=\/wp\/v2\/types\/page"}],"author":[{"embeddable":true,"href":"https:\/\/www.pascalvogt.de\/index.php?rest_route=\/wp\/v2\/users\/1"}],"replies":[{"embeddable":true,"href":"https:\/\/www.pascalvogt.de\/index.php?rest_route=%2Fwp%2Fv2%2Fcomments&post=948"}],"version-history":[{"count":3,"href":"https:\/\/www.pascalvogt.de\/index.php?rest_route=\/wp\/v2\/pages\/948\/revisions"}],"predecessor-version":[{"id":1033,"href":"https:\/\/www.pascalvogt.de\/index.php?rest_route=\/wp\/v2\/pages\/948\/revisions\/1033"}],"wp:attachment":[{"href":"https:\/\/www.pascalvogt.de\/index.php?rest_route=%2Fwp%2Fv2%2Fmedia&parent=948"}],"curies":[{"name":"wp","href":"https:\/\/api.w.org\/{rel}","templated":true}]}}