{"id":921,"date":"2025-03-22T14:03:51","date_gmt":"2025-03-22T12:03:51","guid":{"rendered":"https:\/\/www.pascalvogt.de\/?page_id=921"},"modified":"2025-03-22T22:34:02","modified_gmt":"2025-03-22T20:34:02","slug":"demo-playback-produktion","status":"publish","type":"page","link":"https:\/\/www.pascalvogt.de\/?page_id=921","title":{"rendered":"Demo- &amp; Playback-Produktion"},"content":{"rendered":"\n<figure class=\"wp-block-image size-large\"><a href=\"https:\/\/www.pascalvogt.de\/wp-content\/uploads\/2024\/08\/weit_pv_home.png\"><img decoding=\"async\" src=\"https:\/\/www.pascalvogt.de\/wp-content\/uploads\/2024\/08\/weit_pv_home-1024x279.png\" alt=\"\" class=\"wp-image-910\"\/><\/a><\/figure>\n\n\n\n<details class=\"wp-block-details is-layout-flow wp-block-details-is-layout-flow\"><summary>Ob <strong>Demos f\u00fcr K\u00fcnstler &amp; Labels, individuelle Playbacks f\u00fcr Auftritte oder professionelle Instrumentals<\/strong> \u2013 ich produziere ma\u00dfgeschneiderte Demos mit modernem Sound.<br><br><strong>\ud83c\udfbc Meine Leistungen in der Musikproduktion:<\/strong><br><br><strong>\ud83d\udd39 Hochwertige Demos f\u00fcr K\u00fcnstler &amp; Songwriter<\/strong><br>Du hast eine Songidee, aber brauchst eine professionelle Aufnahme, um sie zu pr\u00e4sentieren? Ich erstelle <strong>radiofertige Demos<\/strong>, die deine Musik ins beste Licht r\u00fccken \u2013 perfekt f\u00fcr Labels, Produzenten oder zur Eigenvermarktung.<br><br>\u2714 <strong>Professionelle Instrumentierung &amp; Arrangements<\/strong><br>\u2714 <strong>Aufnahme &amp; Abmischung von Gesang &amp; Instrumenten<\/strong><br>\u2714 <strong>Individuelle Anpassung an deinen Stil &amp; deine W\u00fcnsche<\/strong><br><br><strong>\ud83d\udd39 Individuelle Playbacks &amp; Instrumentals<\/strong><br>Du brauchst ein <strong>ma\u00dfgeschneidertes Playback<\/strong> f\u00fcr deine Live-Performance oder Studioaufnahme? Ich produziere <strong>hochwertige Playbacks<\/strong> in bester Qualit\u00e4t \u2013 genau auf dich abgestimmt.<br><br>\u2714 <strong>Playback-Versionen f\u00fcr Auftritte &amp; Studioaufnahmen<\/strong><br>\u2714 <strong>Originalgetreue oder kreative Neuinterpretationen<\/strong><br>\u2714 <strong>Anpassung an deine Tonlage &amp; Gesangsart<\/strong><br><br><br><strong>\ud83c\udfb6 Warum solltest du mit mir arbeiten?<\/strong><br><br>\u2714 <strong>Professioneller Sound mit modernster Technik<\/strong> \u2013 Ich produziere Musik, die in Qualit\u00e4t und Klang \u00fcberzeugt. Ich gebe dir die Demo auf Wunsch als Projektdaten f\u00fcr die weitere Produktion, das Mixing oder Mastering weiter. Als Pianist arbeite ich mit einer gro\u00dfen Auswahl an hochwertigen Samples, die von mir live eingespielt werden und damit nicht &#8222;k\u00fcnstlich&#8220; klingen. Meine langj\u00e4hrige Erfahrung als Pianist hilft mir, den perfekten Sound zu finden. <br>\u2714 <strong>Individuelle &amp; kreative Umsetzung<\/strong> \u2013 Jedes Demo und Playback wird exakt auf deine Stimme, deinen Stil und deine W\u00fcnsche abgestimmt.<br>\u2714 <strong>Erfahrung &amp; Leidenschaft<\/strong> \u2013 Ich arbeite mit K\u00fcnstlern, Songwritern &amp; Produzenten zusammen und wei\u00df, worauf es ankommt.<br><br><strong>\ud83c\udfb5 So l\u00e4uft die Produktion ab:<\/strong><br><br>1\ufe0f\u20e3 <strong>Anfrage &amp; Beratung<\/strong> \u2013 Du erz\u00e4hlst mir, was du brauchst (Demo, Playback, Instrumental).<br>2\ufe0f\u20e3 <strong>Produktion &amp; Aufnahme<\/strong> \u2013 Ich erstelle ein individuelles Arrangement und passe es genau an deine Anforderungen an.<br>3\ufe0f\u20e3 <strong>Feinschliff &amp; Finalisierung<\/strong> \u2013 Nach deinem Feedback perfektioniere ich den Sound und liefere dir das fertige Ergebnis in bester Qualit\u00e4t.<br><br><strong>\u2728 Hol dir den perfekten Sound f\u00fcr dein Projekt!<\/strong><br>Ob Demo oder Playback \u2013 ich bringe deine Musik professionell zum Klingen.<br><\/summary><\/details>\n\n\n\n<p>\ud83d\udce9 <strong><a href=\"mailto:info@pascalvogt.de\" data-type=\"mailto\" data-id=\"mailto:info@pascalvogt.de\">Jetzt anfragen &amp; loslegen!<\/a><\/strong><\/p>\n\n\n\n<p><\/p>\n","protected":false},"excerpt":{"rendered":"<p>\ud83d\udce9 Jetzt anfragen &amp; loslegen!<\/p>\n","protected":false},"author":1,"featured_media":0,"parent":0,"menu_order":0,"comment_status":"closed","ping_status":"closed","template":"","meta":{"footnotes":""},"class_list":["post-921","page","type-page","status-publish","hentry"],"_links":{"self":[{"href":"https:\/\/www.pascalvogt.de\/index.php?rest_route=\/wp\/v2\/pages\/921","targetHints":{"allow":["GET"]}}],"collection":[{"href":"https:\/\/www.pascalvogt.de\/index.php?rest_route=\/wp\/v2\/pages"}],"about":[{"href":"https:\/\/www.pascalvogt.de\/index.php?rest_route=\/wp\/v2\/types\/page"}],"author":[{"embeddable":true,"href":"https:\/\/www.pascalvogt.de\/index.php?rest_route=\/wp\/v2\/users\/1"}],"replies":[{"embeddable":true,"href":"https:\/\/www.pascalvogt.de\/index.php?rest_route=%2Fwp%2Fv2%2Fcomments&post=921"}],"version-history":[{"count":5,"href":"https:\/\/www.pascalvogt.de\/index.php?rest_route=\/wp\/v2\/pages\/921\/revisions"}],"predecessor-version":[{"id":978,"href":"https:\/\/www.pascalvogt.de\/index.php?rest_route=\/wp\/v2\/pages\/921\/revisions\/978"}],"wp:attachment":[{"href":"https:\/\/www.pascalvogt.de\/index.php?rest_route=%2Fwp%2Fv2%2Fmedia&parent=921"}],"curies":[{"name":"wp","href":"https:\/\/api.w.org\/{rel}","templated":true}]}}