{"id":919,"date":"2025-03-22T14:01:30","date_gmt":"2025-03-22T12:01:30","guid":{"rendered":"https:\/\/www.pascalvogt.de\/?page_id=919"},"modified":"2025-03-27T07:45:06","modified_gmt":"2025-03-27T05:45:06","slug":"pianist","status":"publish","type":"page","link":"https:\/\/www.pascalvogt.de\/?page_id=919","title":{"rendered":"Pianist &amp; S\u00e4nger"},"content":{"rendered":"\n<figure class=\"wp-block-image size-large is-resized\"><a href=\"https:\/\/www.pascalvogt.de\/wp-content\/uploads\/2023\/03\/cropped-cropped-Homepage-scaled-1.jpg\"><img loading=\"lazy\" decoding=\"async\" width=\"1024\" height=\"462\" src=\"https:\/\/www.pascalvogt.de\/wp-content\/uploads\/2023\/03\/cropped-cropped-Homepage-scaled-1-1024x462.jpg\" alt=\"\" class=\"wp-image-776\" style=\"width:545px;height:auto\" srcset=\"https:\/\/www.pascalvogt.de\/wp-content\/uploads\/2023\/03\/cropped-cropped-Homepage-scaled-1-1024x462.jpg 1024w, https:\/\/www.pascalvogt.de\/wp-content\/uploads\/2023\/03\/cropped-cropped-Homepage-scaled-1-300x135.jpg 300w, https:\/\/www.pascalvogt.de\/wp-content\/uploads\/2023\/03\/cropped-cropped-Homepage-scaled-1-768x347.jpg 768w, https:\/\/www.pascalvogt.de\/wp-content\/uploads\/2023\/03\/cropped-cropped-Homepage-scaled-1-1536x694.jpg 1536w, https:\/\/www.pascalvogt.de\/wp-content\/uploads\/2023\/03\/cropped-cropped-Homepage-scaled-1.jpg 1599w\" sizes=\"auto, (max-width: 1024px) 100vw, 1024px\" \/><\/a><\/figure>\n\n\n\n<details class=\"wp-block-details is-layout-flow wp-block-details-is-layout-flow\"><summary><strong>Meine Live-Musik-Dienstleistungen:<\/strong><br><br><strong>\ud83d\udd39 Live-Gesang &amp; Klavierbegleitung<\/strong><br>Ich performe <strong>live am Klavier &amp; mit Gesang<\/strong> \u2013 solo oder als Teil eines gr\u00f6\u00dferen musikalischen Arrangements. Ob emotionale Balladen oder schwungvolle Klassiker, ich passe mich der Stimmung deines Events an.<br><br><strong>\ud83d\udd39 Individuelle Songauswahl<\/strong><br>Jede Veranstaltung ist einzigartig! Ich stelle <strong>ein ma\u00dfgeschneidertes Repertoire<\/strong> zusammen \u2013 passend zu deinem Event und deinen W\u00fcnschen. Von aktuellen Pop-Hits \u00fcber Schlager bis hin zu Evergreens \u2013 alles ist m\u00f6glich.<br><br><strong>\ud83d\udd39 Musikalische Begleitung f\u00fcr Hochzeiten<\/strong><br>Ob <strong>Einzug, Trauung, Sektempfang oder Abendprogramm<\/strong> \u2013 mit meinem Gesang und Klavierspiel schaffe ich die emotionale Stimmung, die dein gro\u00dfer Tag verdient. Dein Wunschlied darf dabei nat\u00fcrlich nicht fehlen!<br><br><strong>\ud83d\udd39 Stilvolle Hintergrundmusik f\u00fcr Events<\/strong><br>Musik, die unaufdringlich bleibt und dennoch die Atmosph\u00e4re hebt? Als erfahrener Pianist &amp; S\u00e4nger begleite ich <strong>Firmenfeiern, Empf\u00e4nge oder Dinner-Abende<\/strong> mit dezenter Lounge- und Hintergrundmusik.<br><br><strong>\ud83d\udd39 Auftritte auf Galas &amp; B\u00fchnen<\/strong><br>Ich stehe auch f\u00fcr gr\u00f6\u00dfere Events und Konzerte zur Verf\u00fcgung \u2013 ob als <strong>solistischer Musiker oder als Begleitung f\u00fcr andere K\u00fcnstler<\/strong>.<br><br><strong>\ud83c\udfb6 Warum sollest du mich buchen, wenn du einen Pianisten f\u00fcr dein Event in Nordrhein-Westfalen und Umgebung suchst?<\/strong><br><br>\u2714 <strong>Flexibilit\u00e4t &amp; Erfahrung<\/strong> \u2013 Egal ob kleine private Feiern oder gro\u00dfe Events, ich passe mich deinen W\u00fcnschen und Gegebenheiten an.<br>\u2714 <strong>Professioneller Sound<\/strong> \u2013 Ich bringe hochwertige Technik mit oder passe mich an bestehende B\u00fchnen- und Tontechnik an.<br>\u2714 <strong>Musik mit Herz &amp; Gef\u00fchl<\/strong> \u2013 Mein Ziel ist es, dein Publikum zu ber\u00fchren und dein Event unvergesslich zu machen.<br><br><strong>\ud83c\udfb5 So l\u00e4uft die Buchung ab:<\/strong><br><br>1\ufe0f\u20e3 <strong>Anfrage &amp; Beratung<\/strong> \u2013 Du erz\u00e4hlst mir von deinem Event und deinen musikalischen W\u00fcnschen.<br>2\ufe0f\u20e3 <strong>Individuelle Songauswahl<\/strong> \u2013 Gemeinsam stellen wir das perfekte Repertoire f\u00fcr deine Veranstaltung zusammen.<br>3\ufe0f\u20e3 <strong>Live-Performance<\/strong> \u2013 Ich komme mit allem, was n\u00f6tig ist, und sorge f\u00fcr die musikalische Atmosph\u00e4re, die dein Event besonders macht. Gerne auch mit einer S\u00e4ngerin f\u00fcr Duette oder Songs f\u00fcr Frauenstimmen.<br><br><strong>\u2728 Mach dein Event unvergesslich!<\/strong><br>Ob Hochzeit, Firmenfeier oder Gala \u2013 ich sorge f\u00fcr die perfekte musikalische Untermalung.<br><\/summary>\n<p>\ud83d\udce9 <strong><a href=\"mailto:info@pascalvogt.de\" data-type=\"mailto\" data-id=\"mailto:info@pascalvogt.de\">Jetzt anfragen &amp; Termin sichern!<\/a><\/strong><\/p>\n<\/details>\n\n\n\n<p>\ud83d\udce9 <strong><a href=\"mailto:info@pascalvogt.de\">Jetzt anfragen &amp; Termin sichern!<\/a><\/strong><\/p>\n\n<a target=\"_top\" title=\"Pascal Vogt bei Eventzone\" href=\"https:\/\/eventzone.de\/pascal-vogt\"><img decoding=\"async\" alt=\"Pascal Vogt, Pianist aus Moers\" src=\"https:\/\/eventzone.de\/pascal-vogt\/badges\/official_member\" style=\"max-width: 174px;\"><\/a>\n\n<figure class=\"wp-block-embed is-type-video is-provider-youtube wp-block-embed-youtube wp-embed-aspect-16-9 wp-has-aspect-ratio\"><div class=\"wp-block-embed__wrapper\">\n<iframe loading=\"lazy\" hcb-fetch-image-from=\"https:\/\/www.youtube.com\/watch?v=ctid5QbF4x8\" title=\"Brigitte Oelke - &quot;Ich hab\u00b4 getra\u0308umt vor langer Zeit&quot; aus &quot;Les Miserables&quot; LIVE\" width=\"500\" height=\"281\" src=\"https:\/\/www.youtube.com\/embed\/ctid5QbF4x8?feature=oembed\" frameborder=\"0\" allow=\"accelerometer; autoplay; clipboard-write; encrypted-media; gyroscope; picture-in-picture; web-share\" referrerpolicy=\"strict-origin-when-cross-origin\" allowfullscreen><\/iframe>\n<\/div><\/figure>\n\n\n\n<figure class=\"wp-block-embed is-type-video is-provider-youtube wp-block-embed-youtube wp-embed-aspect-16-9 wp-has-aspect-ratio\"><div class=\"wp-block-embed__wrapper\">\n<iframe loading=\"lazy\" hcb-fetch-image-from=\"https:\/\/www.youtube.com\/watch?v=SSa0VzFT71A\" title=\"Shallow (A Star Is Born) - Lady Gaga &amp; Bradley Cooper (Pianocover by Pascal Vogt)\" width=\"500\" height=\"281\" src=\"https:\/\/www.youtube.com\/embed\/SSa0VzFT71A?feature=oembed\" frameborder=\"0\" allow=\"accelerometer; autoplay; clipboard-write; encrypted-media; gyroscope; picture-in-picture; web-share\" referrerpolicy=\"strict-origin-when-cross-origin\" allowfullscreen><\/iframe>\n<\/div><\/figure>\n","protected":false},"excerpt":{"rendered":"<p>\ud83d\udce9 Jetzt anfragen &amp; Termin sichern!<\/p>\n","protected":false},"author":1,"featured_media":0,"parent":0,"menu_order":0,"comment_status":"closed","ping_status":"closed","template":"","meta":{"footnotes":""},"class_list":["post-919","page","type-page","status-publish","hentry"],"_links":{"self":[{"href":"https:\/\/www.pascalvogt.de\/index.php?rest_route=\/wp\/v2\/pages\/919","targetHints":{"allow":["GET"]}}],"collection":[{"href":"https:\/\/www.pascalvogt.de\/index.php?rest_route=\/wp\/v2\/pages"}],"about":[{"href":"https:\/\/www.pascalvogt.de\/index.php?rest_route=\/wp\/v2\/types\/page"}],"author":[{"embeddable":true,"href":"https:\/\/www.pascalvogt.de\/index.php?rest_route=\/wp\/v2\/users\/1"}],"replies":[{"embeddable":true,"href":"https:\/\/www.pascalvogt.de\/index.php?rest_route=%2Fwp%2Fv2%2Fcomments&post=919"}],"version-history":[{"count":6,"href":"https:\/\/www.pascalvogt.de\/index.php?rest_route=\/wp\/v2\/pages\/919\/revisions"}],"predecessor-version":[{"id":990,"href":"https:\/\/www.pascalvogt.de\/index.php?rest_route=\/wp\/v2\/pages\/919\/revisions\/990"}],"wp:attachment":[{"href":"https:\/\/www.pascalvogt.de\/index.php?rest_route=%2Fwp%2Fv2%2Fmedia&parent=919"}],"curies":[{"name":"wp","href":"https:\/\/api.w.org\/{rel}","templated":true}]}}