{"id":674,"date":"2020-06-10T12:47:56","date_gmt":"2020-06-10T10:47:56","guid":{"rendered":"https:\/\/www.pascalvogt.de\/?page_id=674"},"modified":"2024-10-29T19:49:28","modified_gmt":"2024-10-29T17:49:28","slug":"hochzeiten","status":"publish","type":"page","link":"https:\/\/www.pascalvogt.de\/","title":{"rendered":"BUCHEN"},"content":{"rendered":"<p><strong>Sie sind auf der Suche nach einem Pianisten f\u00fcr Ihre freie oder kirchliche Trauung oder eine andere Veranstaltung? Sie suchen einen S\u00e4nger f\u00fcr Ihre freie oder kirchliche Trauung oder eine andere Veranstaltung? Sie suchen einen Pianisten plus S\u00e4ngerin?<\/strong><\/p>\n<p>All das buchen Sie bei mir unkompliziert aus einer Hand!<\/p>\n<p>Ich verf\u00fcge \u00fcber langj\u00e4hrige Erfahrung als Pianist und S\u00e4nger, z.B. auf Trauungen und bringe bei Bedarf gerne auch einen weiblichen Gesangspart mit. Wir nehmen uns gerne f\u00fcr Sie Zeit und besprechen Ihre Vorstellungen und Songw\u00fcnsche in aller Ruhe und konzentrieren uns auf das Wesentliche: Den sch\u00f6nsten Tag in Ihrem Leben!<\/p>\n<p>Sie sind interessiert? Dann melden Sie sich gerne unverbindlich per E-Mail an: <strong>info@pascalvogt.de\u00a0<\/strong><\/p>\n<p>Ich freue mich, Sie kennenzulernen.<\/p>\n<p>Ich bin vertreten im Portal\u00a0<a href=\"https:\/\/www.hochzeitssaengerin.org\/\">https:\/\/www.hochzeitssaengerin.org\/\u00a0<\/a><\/p>\n<p><img loading=\"lazy\" decoding=\"async\" class=\"alignnone  wp-image-680\" src=\"https:\/\/www.pascalvogt.de\/wp-content\/uploads\/2020\/06\/logo-180x300.png\" alt=\"\" width=\"70\" height=\"114\" \/>(c) hochzeitssaengerin.org<\/p>\n<div class=\"gigstarter-button\" data-slug=\"pascal-vogt\" data-version=\"1\"><a href=\"https:\/\/www.gigstarter.de\/artists\/pascal-vogt\" target=\"_blank\" rel=\"noopener\"><br \/>\n<img decoding=\"async\" src=\"https:\/\/s3-eu-west-1.amazonaws.com\/gigstarter\/buch-mich.png\" alt=\"Buchen Pascal Vogt\" \/><br \/>\n<\/a><\/div>\n<p><script><br \/>\n  (function(d, s, id) {<br \/>\n    var js, fjs = d.getElementsByTagName(s)[0];<br \/>\n    if (d.getElementById(id)) return;<br \/>\n    js = d.createElement(s);<br \/>\n    js.id = id;<br \/>\n    js.src = \"\/\/gigstarter.s3.amazonaws.com\/sdk.js\";<br \/>\n    fjs.parentNode.insertBefore(js, fjs);<br \/>\n  }(document, 'script', 'gigstarter-sdk'));<br \/>\n<\/script><br \/>\n<a href=\"https:\/\/www.eventpeppers.com\/de\/goto-profile\/epp698336344\/iw7\" target=\"_blank\" rel=\"noopener\"><img decoding=\"async\" src=\"https:\/\/www.eventpeppers.com\/de\/profile\/epp698336344\/img-wid\/7\/w270\/eventpeppers.4b7c163c.jpg\" alt=\"Einzelmusiker, Klavier buchen\" title=\"Pascal Vogt bei eventpeppers\"  \/><\/a><\/p>\n","protected":false},"excerpt":{"rendered":"<p>Sie sind auf der Suche nach einem Pianisten f\u00fcr Ihre freie oder kirchliche Trauung oder eine andere Veranstaltung? Sie suchen einen S\u00e4nger f\u00fcr Ihre freie oder kirchliche Trauung oder eine andere Veranstaltung? Sie suchen einen Pianisten plus S\u00e4ngerin? All das buchen Sie bei mir unkompliziert aus einer Hand! Ich verf\u00fcge \u00fcber langj\u00e4hrige Erfahrung als Pianist [&hellip;]<\/p>\n","protected":false},"author":1,"featured_media":0,"parent":0,"menu_order":0,"comment_status":"closed","ping_status":"closed","template":"","meta":{"footnotes":""},"class_list":["post-674","page","type-page","status-publish","hentry"],"_links":{"self":[{"href":"https:\/\/www.pascalvogt.de\/index.php?rest_route=\/wp\/v2\/pages\/674","targetHints":{"allow":["GET"]}}],"collection":[{"href":"https:\/\/www.pascalvogt.de\/index.php?rest_route=\/wp\/v2\/pages"}],"about":[{"href":"https:\/\/www.pascalvogt.de\/index.php?rest_route=\/wp\/v2\/types\/page"}],"author":[{"embeddable":true,"href":"https:\/\/www.pascalvogt.de\/index.php?rest_route=\/wp\/v2\/users\/1"}],"replies":[{"embeddable":true,"href":"https:\/\/www.pascalvogt.de\/index.php?rest_route=%2Fwp%2Fv2%2Fcomments&post=674"}],"version-history":[{"count":6,"href":"https:\/\/www.pascalvogt.de\/index.php?rest_route=\/wp\/v2\/pages\/674\/revisions"}],"predecessor-version":[{"id":879,"href":"https:\/\/www.pascalvogt.de\/index.php?rest_route=\/wp\/v2\/pages\/674\/revisions\/879"}],"wp:attachment":[{"href":"https:\/\/www.pascalvogt.de\/index.php?rest_route=%2Fwp%2Fv2%2Fmedia&parent=674"}],"curies":[{"name":"wp","href":"https:\/\/api.w.org\/{rel}","templated":true}]}}