{"id":326,"date":"2015-01-04T23:41:39","date_gmt":"2015-01-04T21:41:39","guid":{"rendered":"http:\/\/www.pascalvogt.de\/?page_id=326"},"modified":"2025-03-22T14:28:45","modified_gmt":"2025-03-22T12:28:45","slug":"discografie","status":"publish","type":"page","link":"https:\/\/www.pascalvogt.de\/?page_id=326","title":{"rendered":"MEDIA"},"content":{"rendered":"<p><strong>Die Single &#8222;Deine Insel&#8220; auf YouTube:<\/strong><\/p>\n<p><iframe loading=\"lazy\" title=\"YouTube video player\" src=\"https:\/\/www.youtube.com\/embed\/GafI3ZmC7Ys?si=JBwMbHhS9t81hSV4\" width=\"560\" height=\"315\" frameborder=\"0\" allowfullscreen=\"allowfullscreen\"><\/iframe><\/p>\n<p>Als Download verf\u00fcgbar auf allen g\u00e4ngigen Portalen:<\/p>\n<p><img loading=\"lazy\" decoding=\"async\" class=\"alignnone wp-image-699\" src=\"https:\/\/www.pascalvogt.de\/wp-content\/uploads\/2020\/12\/Cover_Kontraste_Vogt_3000x3000PNG.jpg\" alt=\"\" width=\"273\" height=\"273\" srcset=\"https:\/\/www.pascalvogt.de\/wp-content\/uploads\/2020\/12\/Cover_Kontraste_Vogt_3000x3000PNG.jpg 3000w, https:\/\/www.pascalvogt.de\/wp-content\/uploads\/2020\/12\/Cover_Kontraste_Vogt_3000x3000PNG-150x150.jpg 150w, https:\/\/www.pascalvogt.de\/wp-content\/uploads\/2020\/12\/Cover_Kontraste_Vogt_3000x3000PNG-300x300.jpg 300w, https:\/\/www.pascalvogt.de\/wp-content\/uploads\/2020\/12\/Cover_Kontraste_Vogt_3000x3000PNG-768x768.jpg 768w, https:\/\/www.pascalvogt.de\/wp-content\/uploads\/2020\/12\/Cover_Kontraste_Vogt_3000x3000PNG-1024x1024.jpg 1024w\" sizes=\"auto, (max-width: 273px) 100vw, 273px\" \/><\/p>\n<p><strong>Album &#8222;Kontraste&#8220; (2020)<\/strong><\/p>\n<h4>Songliste:<\/h4>\n<ul>\n<li style=\"list-style-type: none;\">\n<ul>\n<li>Eigentlich<\/li>\n<li>Nur Gl\u00fcck<\/li>\n<li>Reise<\/li>\n<li>Steh auf<\/li>\n<li>Nur du allein<\/li>\n<li>St\u00e4rker sein<\/li>\n<li>All The Little Things<\/li>\n<li>Simply Me, Simply You<\/li>\n<li>Here I am<\/li>\n<li>Fliegen<\/li>\n<li>Dreams<\/li>\n<li>An deiner Seite<\/li>\n<li>The Wave<\/li>\n<\/ul>\n<\/li>\n<\/ul>\n<p><iframe loading=\"lazy\" src=\"https:\/\/www.youtube.com\/embed\/c1In7VvwELQ\" width=\"560\" height=\"315\" frameborder=\"0\" allowfullscreen=\"allowfullscreen\"><\/iframe><\/p>\n<p><a href=\"https:\/\/www.amazon.de\/Mittendrin-Pascal-Vogt\/dp\/B07JPZ8JVV\/ref=sr_1_2?__mk_de_DE=%C3%85M%C3%85%C5%BD%C3%95%C3%91&amp;keywords=pascal+vogt&amp;qid=1571904191&amp;sr=8-2\"><img loading=\"lazy\" decoding=\"async\" class=\"alignnone wp-image-517\" src=\"https:\/\/www.pascalvogt.de\/wp-content\/uploads\/2019\/01\/81dVlW8zwuL._SS500_.jpg\" alt=\"\" width=\"279\" height=\"279\" srcset=\"https:\/\/www.pascalvogt.de\/wp-content\/uploads\/2019\/01\/81dVlW8zwuL._SS500_.jpg 500w, https:\/\/www.pascalvogt.de\/wp-content\/uploads\/2019\/01\/81dVlW8zwuL._SS500_-150x150.jpg 150w, https:\/\/www.pascalvogt.de\/wp-content\/uploads\/2019\/01\/81dVlW8zwuL._SS500_-300x300.jpg 300w\" sizes=\"auto, (max-width: 279px) 100vw, 279px\" \/><\/a><\/p>\n<p><strong>Album &#8222;Mittendrin&#8220; (2018)<\/strong><\/p>\n<h2>Songliste:<\/h2>\n<ul>\n<li style=\"list-style-type: none;\">\n<ul>\n<li>Du und ich<\/li>\n<li>Nimm dir Zeit<\/li>\n<li>Mein Ziel<\/li>\n<li>Sag, willst du das wirklich?<\/li>\n<li>Himmel<\/li>\n<li>Wenn man geht<\/li>\n<li>All die Fragen (Extended Version)<\/li>\n<li>Du und ich (Instrumental)<\/li>\n<li>Nimm dir Zeit (Instrumental)<\/li>\n<li>Mein Ziel (Instrumental)<\/li>\n<li>Sag, willst du das wirklich? (Instrumental)<\/li>\n<li>Himmel (Instrumental)<\/li>\n<li>Wenn man geht (Instrumental)<\/li>\n<\/ul>\n<\/li>\n<\/ul>\n<p><iframe loading=\"lazy\" src=\"https:\/\/www.youtube.com\/embed\/noy0ZI_Oe10\" width=\"560\" height=\"315\" frameborder=\"0\" allowfullscreen=\"allowfullscreen\"><\/iframe><\/p>\n<p>Hier bestellen oder streamen:<\/p>\n<h2><span style=\"color: #ff0000;\"><strong><a style=\"color: #ff0000;\" href=\"https:\/\/www.amazon.de\/Mittendrin-Pascal-Vogt\/dp\/B07JPZ8JVV\">Amazon<\/a>\u00a0<\/strong><\/span><\/h2>\n<h2><span style=\"color: #ff0000;\"><strong><a style=\"color: #ff0000;\" href=\"https:\/\/itunes.apple.com\/de\/artist\/pascal-vogt\/824310047\">Apple Music<\/a>\u00a0<\/strong><\/span><\/h2>\n<h2><span style=\"color: #ff0000;\"><strong><a style=\"color: #ff0000;\" href=\"https:\/\/play.google.com\/store\/music\/album\/Pascal_Vogt_Mittendrin?id=Bgyj75ufy3zfetftxyrpkqvphsy&amp;hl=en_US\">Google Play<\/a>\u00a0<\/strong><\/span><\/h2>\n<h2><span style=\"color: #ff0000;\"><strong><a style=\"color: #ff0000;\" href=\"https:\/\/open.spotify.com\/album\/1XySzF5UOJIwPAlOnDwXHY\">Spotify<\/a><\/strong><\/span><\/h2>\n<h2><span style=\"color: #ff0000;\"><strong><a style=\"color: #ff0000;\" href=\"https:\/\/www.deezer.com\/de\/album\/76710842\">Deezer<\/a>\u00a0<\/strong><\/span><\/h2>\n<h2><\/h2>\n<h2>ALS CD UND DOWNLOAD ERH\u00c4LTLICH:<\/h2>\n<p><img loading=\"lazy\" decoding=\"async\" class=\"alignnone size-full wp-image-327\" src=\"http:\/\/www.pascalvogt.de\/wp-content\/uploads\/2015\/01\/517aZ5VVNfL__SS280.jpg\" alt=\"517aZ5VVNfL__SS280\" width=\"280\" height=\"280\" srcset=\"https:\/\/www.pascalvogt.de\/wp-content\/uploads\/2015\/01\/517aZ5VVNfL__SS280.jpg 280w, https:\/\/www.pascalvogt.de\/wp-content\/uploads\/2015\/01\/517aZ5VVNfL__SS280-150x150.jpg 150w\" sizes=\"auto, (max-width: 280px) 100vw, 280px\" \/>\u00a0 <strong>Deb\u00fct-Album &#8222;Just Musical&#8220; (V\u00d6: 23.11.2013) G\u00e4ste: JESSICA KESSLER und MICHALEA SCHOBER<\/strong><\/p>\n<p><strong>Songliste:<\/strong><\/p>\n<ul>\n<li>This Is The Moment (aus JEKYLL &amp; HYDE) Swing-Version<\/li>\n<li>Pity The Child (aus CHESS)<\/li>\n<li>Was f\u00fcr ein grausames Leben (aus MOZART!)<\/li>\n<li>Love Of My Life (Queen) Duett mit Jessica Kessler<\/li>\n<li>Die Schatten werden l\u00e4nger (aus ELISABETH)<\/li>\n<li>Wenn ich tanzen will (aus ELISABETH) Duett mit Michaela Schober<\/li>\n<li>Die Unstillbare Gier (aus TANZ DER VAMPIRE)<\/li>\n<li>Falling Slowly (aus ONCE) Duett mit Jessica Kessler<\/li>\n<li>Und nichts davon ist wahr (aus SOPHIES TRAUM) Gasts\u00e4ngerin Michaela Schober<\/li>\n<\/ul>\n<p>Als CD <a href=\"https:\/\/www.soundofmusic-shop.de\/CD_Pascal_Vogt_-_Just_Musical.html\">HIER<\/a> bestellen.<\/p>\n<p><iframe loading=\"lazy\" src=\"https:\/\/www.youtube.com\/embed\/9d9Qo3tvgh0\" width=\"560\" height=\"315\" frameborder=\"0\" allowfullscreen=\"allowfullscreen\"><\/iframe><\/p>\n<p>Als Download zu beziehen bei folgenden Stores:<\/p>\n<p>Amazon \/ Google Play \/ iTunes usw.<\/p>\n<p><strong><span style=\"text-decoration: underline;\">Ver\u00f6ffentlichungen als Komponist und Produzent:<\/span><\/strong><\/p>\n<p><a href=\"http:\/\/www.pascalvogt.de\/wp-content\/uploads\/2015\/01\/415WFgoKKPL.jpg\"><img loading=\"lazy\" decoding=\"async\" class=\"alignnone size-medium wp-image-336\" src=\"http:\/\/www.pascalvogt.de\/wp-content\/uploads\/2015\/01\/415WFgoKKPL-300x287.jpg\" alt=\"415WFgoKKPL\" width=\"300\" height=\"287\" srcset=\"https:\/\/www.pascalvogt.de\/wp-content\/uploads\/2015\/01\/415WFgoKKPL-300x287.jpg 300w, https:\/\/www.pascalvogt.de\/wp-content\/uploads\/2015\/01\/415WFgoKKPL-313x300.jpg 313w, https:\/\/www.pascalvogt.de\/wp-content\/uploads\/2015\/01\/415WFgoKKPL.jpg 500w\" sizes=\"auto, (max-width: 300px) 100vw, 300px\" \/><\/a><\/p>\n<p><strong>Deb\u00fct-Musical &#8222;SOPHIES TRAUM&#8220; (Musik: Pascal Vogt, Texte: Gunnar Ewerts und Pascal Vogt) Produziert von Michael Neugebauer und Pascal Vogt<\/strong><\/p>\n<p>Mit u.a. MICHAELA SCHOBER, THOMAS WI\u00dfMANN und DENNIS HENSCHEL<\/p>\n<p><strong>Songliste:<br \/>\n<\/strong><\/p>\n<ul>\n<li>01 &#8211; Prolog<\/li>\n<li>02 &#8211; Schattenland<\/li>\n<li>03 &#8211; Und nichts davon ist wahr<\/li>\n<li>04 &#8211; Was wurde nur aus ihm<\/li>\n<li>05 &#8211; Im Dorf<\/li>\n<li>06 &#8211; Macht ohne Sieg<\/li>\n<li>07 &#8211; 1933\/Elises Tod &#8211; Finale 1.Akt<\/li>\n<li>08 &#8211; Sieh her (Klavierversion)<\/li>\n<li>09 &#8211; Ich seh in sein Herz<\/li>\n<li>10 &#8211; Ich kann nicht ich selber sein<\/li>\n<li>11 &#8211; Wir fingen ganz von neuem an<\/li>\n<li>12 &#8211; Bonus: Was wurde nur aus ihm &#8211; Alternierende Besetzung<\/li>\n<\/ul>\n<p>Als CD <a href=\"https:\/\/www.soundofmusic-shop.de\/CD_SOPHIES_TRAUM_-_World_Premiere_Cast_Recording_2014.html\">HIER<\/a> bestellen.<\/p>\n<p><iframe loading=\"lazy\" src=\"https:\/\/www.youtube.com\/embed\/ciklswv4Y1g\" width=\"560\" height=\"315\" frameborder=\"0\" allowfullscreen=\"allowfullscreen\"><\/iframe><\/p>\n<p><a href=\"http:\/\/www.pascalvogt.de\/wp-content\/uploads\/2015\/01\/514NOXsYXpL.jpg\"><img loading=\"lazy\" decoding=\"async\" class=\"alignnone size-medium wp-image-360\" src=\"http:\/\/www.pascalvogt.de\/wp-content\/uploads\/2015\/01\/514NOXsYXpL-300x276.jpg\" alt=\"514NOXsYXpL\" width=\"300\" height=\"276\" srcset=\"https:\/\/www.pascalvogt.de\/wp-content\/uploads\/2015\/01\/514NOXsYXpL-300x276.jpg 300w, https:\/\/www.pascalvogt.de\/wp-content\/uploads\/2015\/01\/514NOXsYXpL-325x300.jpg 325w, https:\/\/www.pascalvogt.de\/wp-content\/uploads\/2015\/01\/514NOXsYXpL.jpg 500w\" sizes=\"auto, (max-width: 300px) 100vw, 300px\" \/><\/a><\/p>\n<p><strong>Zweites Solo-Album &#8222;GEGENWIND&#8220; mit eigenen Songs und Bonus-Tracks mit JESSICA KESSLER!<\/strong><\/p>\n<p>1. Nichts mehr (mit Jessica Kessler)<br \/>\n2. Gegenwind<br \/>\n3. So viel<br \/>\n4. Brandung<br \/>\n5. Wie ich bin<br \/>\n6. Immer weiter (mit Jessica Kessler)<br \/>\n7. Du<br \/>\n8. Dieses Leben<\/p>\n<p>Bonus-Tracks:<br \/>\n9. Gegenwind<br \/>\n10. It\u00b4s Your Wedding Day (aus dem Musical THE WEDDING SINGER)<br \/>\n11. It\u00b4s A Good Life<br \/>\n12. Here Right Now (aus dem Musical GHOST) (mit Jessica Kessler)<\/p>\n<p>Als CD <a href=\"https:\/\/www.soundofmusic-shop.de\/CD_Pascal_Vogt_-_Gegenwind.html\">HIER<\/a> bestellen.<\/p>\n<p><iframe loading=\"lazy\" src=\"https:\/\/www.youtube.com\/embed\/3-aXeMRzoXs\" width=\"560\" height=\"315\" frameborder=\"0\" allowfullscreen=\"allowfullscreen\"><\/iframe><\/p>\n<p><img loading=\"lazy\" decoding=\"async\" class=\"alignnone wp-image-424\" src=\"https:\/\/www.pascalvogt.de\/wp-content\/uploads\/2016\/07\/Pascal-Vogt_Cover_JM2_Downloads.jpg\" alt=\"\" width=\"209\" height=\"209\" srcset=\"https:\/\/www.pascalvogt.de\/wp-content\/uploads\/2016\/07\/Pascal-Vogt_Cover_JM2_Downloads.jpg 1000w, https:\/\/www.pascalvogt.de\/wp-content\/uploads\/2016\/07\/Pascal-Vogt_Cover_JM2_Downloads-150x150.jpg 150w, https:\/\/www.pascalvogt.de\/wp-content\/uploads\/2016\/07\/Pascal-Vogt_Cover_JM2_Downloads-300x300.jpg 300w\" sizes=\"auto, (max-width: 209px) 100vw, 209px\" \/><\/p>\n<p><strong>JUST MUSICAL Vol. 2\u00a0<\/strong><\/p>\n<p>Songliste:<\/p>\n<ul>\n<li>Anthem (Chess)<\/li>\n<li>Kalte Sterne (Ludwig\u00b2)<\/li>\n<li>Was wichtig ist (Ich war noch niemals in New York)<\/li>\n<li>Can You Feel The Love Tonight (The Lion King)<\/li>\n<li>Wie kann ich sie lieben? (Die Sch\u00f6ne und das Biest)<\/li>\n<li>Wie kann es m\u00f6glich sein? (Mozart!)<\/li>\n<li>Bonustrack: Alles<\/li>\n<\/ul>\n<p>Als CD <a href=\"https:\/\/www.soundofmusic-shop.de\/CD_Pascal_Vogt_-_Just_Musical_Vol_2.html\">HIER<\/a> bestellen.<\/p>\n<p><iframe loading=\"lazy\" src=\"https:\/\/www.youtube.com\/embed\/VAWxr8zlQ60\" width=\"560\" height=\"315\" frameborder=\"0\" allowfullscreen=\"allowfullscreen\"><\/iframe><\/p>\n<p><strong>Sampler mit Songs von Pascal Vogt:<\/strong><\/p>\n<p><strong>SUPERSTARS DES MUSICALS VOL.2<\/strong><\/p>\n<p><img decoding=\"async\" src=\"https:\/\/pic.soundofmusic-shop.de\/26545p.jpg\" alt=\"Bildergebnis f\u00fcr superstars des musicals vol. 2\" \/>(Bild: Soundofmusic.de)<\/p>\n<p>Viele Musicalsongs, gesungen von Stars der Szene in einer 3-CD-Box! Inklusive dem Song &#8222;Ich kann nicht ich selber sein&#8220; aus dem Musical SOPHIES TRAUM (Musik: Pascal Vogt)<\/p>\n<p><a href=\"https:\/\/www.soundofmusic-shop.de\/CD_Superstars_des_Musicals_-_Vol_2_3-CD-Box.html\">Hier<\/a> bestellen.<\/p>\n","protected":false},"excerpt":{"rendered":"<p>Die Single &#8222;Deine Insel&#8220; auf YouTube: Als Download verf\u00fcgbar auf allen g\u00e4ngigen Portalen: Album &#8222;Kontraste&#8220; (2020) Songliste: Eigentlich Nur Gl\u00fcck Reise Steh auf Nur du allein St\u00e4rker sein All The Little Things Simply Me, Simply You Here I am Fliegen Dreams An deiner Seite The Wave Album &#8222;Mittendrin&#8220; (2018) Songliste: Du und ich Nimm dir [&hellip;]<\/p>\n","protected":false},"author":1,"featured_media":0,"parent":0,"menu_order":0,"comment_status":"closed","ping_status":"closed","template":"","meta":{"footnotes":""},"class_list":["post-326","page","type-page","status-publish","hentry"],"_links":{"self":[{"href":"https:\/\/www.pascalvogt.de\/index.php?rest_route=\/wp\/v2\/pages\/326","targetHints":{"allow":["GET"]}}],"collection":[{"href":"https:\/\/www.pascalvogt.de\/index.php?rest_route=\/wp\/v2\/pages"}],"about":[{"href":"https:\/\/www.pascalvogt.de\/index.php?rest_route=\/wp\/v2\/types\/page"}],"author":[{"embeddable":true,"href":"https:\/\/www.pascalvogt.de\/index.php?rest_route=\/wp\/v2\/users\/1"}],"replies":[{"embeddable":true,"href":"https:\/\/www.pascalvogt.de\/index.php?rest_route=%2Fwp%2Fv2%2Fcomments&post=326"}],"version-history":[{"count":40,"href":"https:\/\/www.pascalvogt.de\/index.php?rest_route=\/wp\/v2\/pages\/326\/revisions"}],"predecessor-version":[{"id":933,"href":"https:\/\/www.pascalvogt.de\/index.php?rest_route=\/wp\/v2\/pages\/326\/revisions\/933"}],"wp:attachment":[{"href":"https:\/\/www.pascalvogt.de\/index.php?rest_route=%2Fwp%2Fv2%2Fmedia&parent=326"}],"curies":[{"name":"wp","href":"https:\/\/api.w.org\/{rel}","templated":true}]}}