{"id":269,"date":"2014-02-03T00:49:37","date_gmt":"2014-02-02T22:49:37","guid":{"rendered":"http:\/\/www.pascalvogt.de\/?page_id=269"},"modified":"2018-05-23T11:57:35","modified_gmt":"2018-05-23T09:57:35","slug":"impressum","status":"publish","type":"page","link":"https:\/\/www.pascalvogt.de\/?page_id=269","title":{"rendered":"IMPRESSUM"},"content":{"rendered":"<style type=\"text\/css\"><!--\nP { margin-bottom: 0.21cm; }\n--><\/style>\n<p><strong>Angaben gem\u00e4\u00df \u00a7 5 TMG<\/strong><br \/>\nPascal Vogt<\/p>\n<p><strong>E-Mail<\/strong><br \/>\ninfo@pascalvogt.de<\/p>\n<p><strong>Verantwortlich f\u00fcr den Inhalt nach \u00a7 55 Abs. 2 RStV<\/strong><br \/>\nPascal Vogt<\/p>\n<p align=\"LEFT\"><strong>Quellenangaben f\u00fcr die verwendeten Bilder und Grafiken<\/strong><\/p>\n<p>Alle auf dieser Website verwendeten Bilder: Fotograf: Mirco Wallat, musicalsessen.de und Dr. Arndt Peters, Essen.<\/p>\n<p>Artworks und Werbematerial Sophies Traum: Leane Winkler<\/p>\n<p>Alle Inhalte auf <span style=\"text-decoration: underline;\">www.pascalvogt.de<\/span> sind urheberrechtlich gesch\u00fctzt und darf nicht ohne Weiteres weiterverwendet werden. Die Vervielf\u00e4ltigung s\u00e4mtlicher auf dieser Website aufgef\u00fchrten Daten, m\u00fcssen von Pascal Vogt best\u00e4tigt werden. Das Copyright der Fotos unterliegt den angegebenen Personen, insbesondere dem offiziellen Fotografen der Website und der zust\u00e4ndigen Grafikerin f\u00fcr das Artwork. Die Nutzung von Texten und Fotos zum privaten und nicht-kommerziellen Gebrauch ist gestattet, eine Verwendung f\u00fcr andere Websites, andere Medien und sonstigen \u00f6ffentlichen Bereichen nicht gestattet!<\/p>\n<p align=\"LEFT\"><span style=\"text-decoration: underline;\">Pascal Vogt und Team<\/span> distanzieren sich ausdr\u00fccklich von Inhalten, auf die Sie durch Verlinkungen von anderen Webpages zugreifen.<\/p>\n<p align=\"LEFT\"><strong>Haftungsausschluss (Disclaimer)<\/strong><\/p>\n<p><strong>Haftung f\u00fcr Inhalte<\/strong><\/p>\n<p>Als Diensteanbieter sind wir gem\u00e4\u00df \u00a7 7 Abs.1 TMG f\u00fcr eigene Inhalte auf diesen Seiten nach den allgemeinen Gesetzen verantwortlich. Nach \u00a7\u00a7 8 bis 10 TMG sind wir als Diensteanbieter jedoch nicht verpflichtet, \u00fcbermittelte oder gespeicherte fremde Informationen zu \u00fcberwachen oder nach Umst\u00e4nden zu forschen, die auf eine rechtswidrige T\u00e4tigkeit hinweisen. Verpflichtungen zur Entfernung oder Sperrung der Nutzung von Informationen nach den allgemeinen Gesetzen bleiben hiervon unber\u00fchrt. Eine diesbez\u00fcgliche Haftung ist jedoch erst ab dem Zeitpunkt der Kenntnis einer konkreten Rechtsverletzung m\u00f6glich. Bei Bekanntwerden von entsprechenden Rechtsverletzungen werden wir diese Inhalte umgehend entfernen.<\/p>\n<p><strong>Haftung f\u00fcr Links<\/strong><\/p>\n<p>Unser Angebot enth\u00e4lt Links zu externen Webseiten Dritter, auf deren Inhalte wir keinen Einfluss haben. Deshalb k\u00f6nnen wir f\u00fcr diese fremden Inhalte auch keine Gew\u00e4hr \u00fcbernehmen. F\u00fcr die Inhalte der verlinkten Seiten ist stets der jeweilige Anbieter oder Betreiber der Seiten verantwortlich. Die verlinkten Seiten wurden zum Zeitpunkt der Verlinkung auf m\u00f6gliche Rechtsverst\u00f6\u00dfe \u00fcberpr\u00fcft. Rechtswidrige Inhalte waren zum Zeitpunkt der Verlinkung nicht erkennbar. Eine permanente inhaltliche Kontrolle der verlinkten Seiten ist jedoch ohne konkrete Anhaltspunkte einer Rechtsverletzung nicht zumutbar. Bei Bekanntwerden von Rechtsverletzungen werden wir derartige Links umgehend entfernen.<\/p>\n<p><strong>Urheberrecht<\/strong><\/p>\n<p>Die durch die Seitenbetreiber erstellten Inhalte und Werke auf diesen Seiten unterliegen dem deutschen Urheberrecht. Die Vervielf\u00e4ltigung, Bearbeitung, Verbreitung und jede Art der Verwertung au\u00dferhalb der Grenzen des Urheberrechtes bed\u00fcrfen der schriftlichen Zustimmung des jeweiligen Autors bzw. Erstellers. Downloads und Kopien dieser Seite sind nur f\u00fcr den privaten, nicht kommerziellen Gebrauch gestattet. Soweit die Inhalte auf dieser Seite nicht vom Betreiber erstellt wurden, werden die Urheberrechte Dritter beachtet. Insbesondere werden Inhalte Dritter als solche gekennzeichnet. Sollten Sie trotzdem auf eine Urheberrechtsverletzung aufmerksam werden, bitten wir um einen entsprechenden Hinweis. Bei Bekanntwerden von Rechtsverletzungen werden wir derartige Inhalte umgehend entfernen.<\/p>\n<p>&nbsp;<\/p>\n","protected":false},"excerpt":{"rendered":"<p>Angaben gem\u00e4\u00df \u00a7 5 TMG Pascal Vogt E-Mail info@pascalvogt.de Verantwortlich f\u00fcr den Inhalt nach \u00a7 55 Abs. 2 RStV Pascal Vogt Quellenangaben f\u00fcr die verwendeten Bilder und Grafiken Alle auf dieser Website verwendeten Bilder: Fotograf: Mirco Wallat, musicalsessen.de und Dr. Arndt Peters, Essen. Artworks und Werbematerial Sophies Traum: Leane Winkler Alle Inhalte auf www.pascalvogt.de sind [&hellip;]<\/p>\n","protected":false},"author":1,"featured_media":0,"parent":0,"menu_order":0,"comment_status":"open","ping_status":"open","template":"","meta":{"footnotes":""},"class_list":["post-269","page","type-page","status-publish","hentry"],"_links":{"self":[{"href":"https:\/\/www.pascalvogt.de\/index.php?rest_route=\/wp\/v2\/pages\/269","targetHints":{"allow":["GET"]}}],"collection":[{"href":"https:\/\/www.pascalvogt.de\/index.php?rest_route=\/wp\/v2\/pages"}],"about":[{"href":"https:\/\/www.pascalvogt.de\/index.php?rest_route=\/wp\/v2\/types\/page"}],"author":[{"embeddable":true,"href":"https:\/\/www.pascalvogt.de\/index.php?rest_route=\/wp\/v2\/users\/1"}],"replies":[{"embeddable":true,"href":"https:\/\/www.pascalvogt.de\/index.php?rest_route=%2Fwp%2Fv2%2Fcomments&post=269"}],"version-history":[{"count":6,"href":"https:\/\/www.pascalvogt.de\/index.php?rest_route=\/wp\/v2\/pages\/269\/revisions"}],"predecessor-version":[{"id":464,"href":"https:\/\/www.pascalvogt.de\/index.php?rest_route=\/wp\/v2\/pages\/269\/revisions\/464"}],"wp:attachment":[{"href":"https:\/\/www.pascalvogt.de\/index.php?rest_route=%2Fwp%2Fv2%2Fmedia&parent=269"}],"curies":[{"name":"wp","href":"https:\/\/api.w.org\/{rel}","templated":true}]}}